{"id":3689,"date":"2019-02-14T22:31:46","date_gmt":"2019-02-14T22:31:46","guid":{"rendered":"http:\/\/www.mitanmarina.com\/?page_id=3689"},"modified":"2025-07-15T10:47:29","modified_gmt":"2025-07-15T10:47:29","slug":"restaurant","status":"publish","type":"page","link":"https:\/\/www.mitanmarina.com\/?page_id=3689&lang=sl","title":{"rendered":"Restavracija"},"content":{"rendered":"<p>[vc_row rt_row_background_width=&#8221;fullwidth&#8221; rt_row_content_width=&#8221;fullwidth&#8221; rt_row_style=&#8221;default-style&#8221; rt_row_height=&#8221;min_height&#8221; rt_holder_placement=&#8221;bottom&#8221; rt_row_borders=&#8221;&#8221; rt_row_shadows=&#8221;&#8221; rt_column_gaps=&#8221;&#8221; rt_row_paddings=&#8221;false&#8221; rt_bg_effect=&#8221;parallax&#8221; rt_bg_parallax_effect=&#8221;3&#8243; rt_transparent_bg=&#8221;&#8221; rt_bg_image_repeat=&#8221;repeat&#8221; rt_bg_size=&#8221;cover&#8221; rt_bg_position=&#8221;right bottom&#8221; rt_bg_video_format=&#8221;self-hosted&#8221; rt_bg_image=&#8221;5193&#8243; rt_min_row_height=&#8221;700&#8243;][vc_column width=&#8221;1\/2&#8243; rt_color_set=&#8221;light-style&#8221; rt_col_paddings=&#8221;true&#8221; rt_wrp_col_paddings=&#8221;false&#8221; rt_column_shadow=&#8221;&#8221; rt_border_top=&#8221;&#8221; rt_border_bottom=&#8221;&#8221; rt_border_left=&#8221;&#8221; rt_border_right=&#8221;&#8221; rt_border_top_mobile=&#8221;&#8221; rt_border_bottom_mobile=&#8221;&#8221; rt_border_left_mobile=&#8221;&#8221; rt_border_right_mobile=&#8221;&#8221; rt_bg_image_repeat=&#8221;repeat&#8221; rt_bg_size=&#8221;auto auto&#8221; rt_bg_position=&#8221;right top&#8221; rt_bg_attachment=&#8221;scroll&#8221; rt_bg_color=&#8221;&#8221; rt_bg_overlay_color=&#8221;&#8221; rt_padding_top=&#8221;100px&#8221; rt_padding_bottom=&#8221;100px&#8221; rt_padding_left=&#8221;50px&#8221; rt_padding_right=&#8221;15%&#8221;]<div class=\"rt_heading_wrapper style-5\">\n\t\t\t\t\t\t<h1 class=\"rt_heading  style-5\" >Restavracija Argo in Bistro Blue<\/h1> \n\t\t\t\t\t<\/div><div class=\"rt_heading_wrapper no-style\">\n\t\t\t\t\t\t<span class=\"rt_heading  secondary-font no-style\"  style=\"font-size:22px;\">U\u017eivanje v regionalni kuhinji<\/span> \n\t\t\t\t\t<\/div>[\/vc_column][vc_column width=&#8221;1\/2&#8243; rt_col_paddings=&#8221;true&#8221; rt_wrp_col_paddings=&#8221;false&#8221; rt_column_shadow=&#8221;&#8221; rt_border_top=&#8221;&#8221; rt_border_bottom=&#8221;&#8221; rt_border_left=&#8221;&#8221; rt_border_right=&#8221;&#8221; rt_border_top_mobile=&#8221;&#8221; rt_border_bottom_mobile=&#8221;&#8221; rt_border_left_mobile=&#8221;&#8221; rt_border_right_mobile=&#8221;&#8221; rt_bg_image_repeat=&#8221;repeat&#8221; rt_bg_size=&#8221;auto auto&#8221; rt_bg_position=&#8221;right top&#8221; rt_bg_attachment=&#8221;scroll&#8221;][\/vc_column][\/vc_row][vc_row rt_row_background_width=&#8221;fullwidth&#8221; rt_row_content_width=&#8221;fullwidth&#8221; rt_row_style=&#8221;default-style&#8221; rt_row_height=&#8221;&#8221; rt_row_borders=&#8221;&#8221; rt_row_shadows=&#8221;&#8221; rt_column_gaps=&#8221;&#8221; rt_row_paddings=&#8221;true&#8221; rt_bg_effect=&#8221;classic&#8221; rt_transparent_bg=&#8221;&#8221; rt_bg_image_repeat=&#8221;repeat&#8221; rt_bg_size=&#8221;cover&#8221; rt_bg_position=&#8221;right top&#8221; rt_bg_attachment=&#8221;scroll&#8221; rt_bg_video_format=&#8221;self-hosted&#8221; rt_padding_top=&#8221;0&#8243; rt_padding_bottom=&#8221;0&#8243;][vc_column width=&#8221;1\/2&#8243; rt_col_paddings=&#8221;true&#8221; rt_wrp_col_paddings=&#8221;false&#8221; rt_column_shadow=&#8221;&#8221; rt_border_top=&#8221;&#8221; rt_border_bottom=&#8221;&#8221; rt_border_left=&#8221;&#8221; rt_border_right=&#8221;&#8221; rt_border_top_mobile=&#8221;&#8221; rt_border_bottom_mobile=&#8221;&#8221; rt_border_left_mobile=&#8221;&#8221; rt_border_right_mobile=&#8221;&#8221; rt_bg_image_repeat=&#8221;repeat&#8221; rt_bg_size=&#8221;auto auto&#8221; rt_bg_position=&#8221;right top&#8221; rt_bg_attachment=&#8221;scroll&#8221; rt_padding_top=&#8221;50px&#8221; rt_padding_bottom=&#8221;50px&#8221; rt_padding_left=&#8221;15%&#8221; rt_padding_right=&#8221;15%&#8221; rt_bg_color=&#8221;&#8221; rt_bg_overlay_color=&#8221;&#8221;]<div class=\"rt_heading_wrapper no-style\">\n\t\t\t\t\t\t<h4 class=\"rt_heading  no-style\" >Restavracija Argo<\/h4> \n\t\t\t\t\t<\/div>[vc_separator style=&#8221;style-2&#8243;][vc_column_text css=&#8221;&#8221;]<\/p>\n<p data-start=\"1919\" data-end=\"2090\">Restavracija <strong data-start=\"1932\" data-end=\"1940\">Argo<\/strong> in bistro <strong data-start=\"1951\" data-end=\"1959\">Blue<\/strong> v marini nista zgolj kraja za u\u017eivanje v regionalni kulinariki, kozarcu vrhunskega vina, izvrstnem pene\u010dem vinu ali jutranji kavi.<\/p>\n<p data-start=\"2092\" data-end=\"2249\">\u017divljenje marine se odvija prav pred restavracijo Argo. Vedno je u\u017eitek priti sem. Prostori so primerni za vse vrste poslovnih, dru\u017einskih in drugih sre\u010danj.<\/p>\n<p data-start=\"2251\" data-end=\"2424\">V na\u0161i restavraciji lahko enako u\u017eivate tako v prijetnem in intimnem vzdu\u0161ju izjemno oblikovanega prostora s pogledom na jahte kot tudi v skrbno izbrani kulinari\u010dni ponudbi.<\/p>\n<p data-start=\"2251\" data-end=\"2424\">Kontakt: +385 51 627 764 \/ Mobilni telefon: +385 98 342 320<br \/>\nE-po\u0161ta: <a href=\"mailto:tomljanovicalan@gmail.com\">tomljanovicalan@gmail.com<\/a><\/p>\n<p>[\/vc_column_text][\/vc_column][vc_column width=&#8221;1\/2&#8243; rt_col_paddings=&#8221;true&#8221; rt_wrp_col_paddings=&#8221;false&#8221; rt_column_shadow=&#8221;&#8221; rt_border_top=&#8221;&#8221; rt_border_bottom=&#8221;&#8221; rt_border_left=&#8221;&#8221; rt_border_right=&#8221;&#8221; rt_border_top_mobile=&#8221;&#8221; rt_border_bottom_mobile=&#8221;&#8221; rt_border_left_mobile=&#8221;&#8221; rt_border_right_mobile=&#8221;&#8221; rt_bg_image_repeat=&#8221;repeat&#8221; rt_bg_size=&#8221;auto auto&#8221; rt_bg_position=&#8221;right top&#8221; rt_bg_attachment=&#8221;scroll&#8221; rt_padding_left=&#8221;0&#8243; rt_padding_right=&#8221;0&#8243; rt_bg_color=&#8221;&#8221; rt_bg_overlay_color=&#8221;&#8221;]\r\n\t\t\t\t<div id=\"image-carousel-600962\" class=\"rt-carousel carousel-holder clearfix rt_lightbox_gallery\" data-item-width=\"1\" data-nav=\"true\" data-dots=\"false\" data-margin=\"0\" data-autoplay=\"true\" data-timeout=\"12000\" data-thumbnails=\"false\" data-boxed=\"false\" data-min-height=\"\" data-padding=\"0\" data-loop=\"false\" data-mobile-item-width=\"1\">\r\n\t\t\t\t\t<div class=\"owl-carousel\">\r\n\t\t\t\t\t\t<div><a id=\"lightbox-171698\" class=\"imgeffect zoom rt_lightbox\" data-gal-id=\"slider-carousel-694749\" data-rel=\"rt_lightbox\" title=\"Enlarge Image\" data-title=\"dejanhren-mitanmarina-24052025-day-28\" data-sub-html=\"\" data-src=\"\" data-width=\"\" data-height=\"\" data-poster=\"\" data-autoplay=\"\" data-audiotitle=\"\" data-download-url=\"false\" href=\"http:\/\/www.mitanmarina.com\/wp-content\/uploads\/2025\/07\/dejanhren-mitanmarina-24052025-day-28.jpg\"><img decoding=\"async\" src=\"https:\/\/www.mitanmarina.com\/wp-content\/uploads\/2025\/07\/dejanhren-mitanmarina-24052025-day-28-750x499.jpg\" alt=\"\"><\/a><\/div><div><a id=\"lightbox-554603\" class=\"imgeffect zoom rt_lightbox\" data-gal-id=\"slider-carousel-694749\" data-rel=\"rt_lightbox\" title=\"Enlarge Image\" data-title=\"dejanhren-mitanmarina-24052025-day-27\" data-sub-html=\"\" data-src=\"\" data-width=\"\" data-height=\"\" data-poster=\"\" data-autoplay=\"\" data-audiotitle=\"\" data-download-url=\"false\" href=\"http:\/\/www.mitanmarina.com\/wp-content\/uploads\/2025\/07\/dejanhren-mitanmarina-24052025-day-27.jpg\"><img decoding=\"async\" src=\"https:\/\/www.mitanmarina.com\/wp-content\/uploads\/2025\/07\/dejanhren-mitanmarina-24052025-day-27-750x499.jpg\" alt=\"\"><\/a><\/div><div><a id=\"lightbox-622729\" class=\"imgeffect zoom rt_lightbox\" data-gal-id=\"slider-carousel-694749\" data-rel=\"rt_lightbox\" title=\"Enlarge Image\" data-title=\"dejanhren-mitanmarina-24052025-day-26\" data-sub-html=\"\" data-src=\"\" data-width=\"\" data-height=\"\" data-poster=\"\" data-autoplay=\"\" data-audiotitle=\"\" data-download-url=\"false\" href=\"http:\/\/www.mitanmarina.com\/wp-content\/uploads\/2025\/07\/dejanhren-mitanmarina-24052025-day-26.jpg\"><img decoding=\"async\" src=\"https:\/\/www.mitanmarina.com\/wp-content\/uploads\/2025\/07\/dejanhren-mitanmarina-24052025-day-26-750x499.jpg\" alt=\"\"><\/a><\/div><div><a id=\"lightbox-187586\" class=\"imgeffect zoom rt_lightbox\" data-gal-id=\"slider-carousel-694749\" data-rel=\"rt_lightbox\" title=\"Enlarge Image\" data-title=\"dejanhren-mitanmarina-9382\" data-sub-html=\"\" data-src=\"\" data-width=\"\" data-height=\"\" data-poster=\"\" data-autoplay=\"\" data-audiotitle=\"\" data-download-url=\"false\" href=\"http:\/\/www.mitanmarina.com\/wp-content\/uploads\/2020\/12\/dejanhren-mitanmarina-9382.jpg\"><img decoding=\"async\" src=\"https:\/\/www.mitanmarina.com\/wp-content\/uploads\/2020\/12\/dejanhren-mitanmarina-9382-750x499.jpg\" alt=\"\"><\/a><\/div><div><a id=\"lightbox-270915\" class=\"imgeffect zoom rt_lightbox\" data-gal-id=\"slider-carousel-694749\" data-rel=\"rt_lightbox\" title=\"Enlarge Image\" data-title=\"dejanhren-mitanmarina-0704\" data-sub-html=\"\" data-src=\"\" data-width=\"\" data-height=\"\" data-poster=\"\" data-autoplay=\"\" data-audiotitle=\"\" data-download-url=\"false\" href=\"http:\/\/www.mitanmarina.com\/wp-content\/uploads\/2020\/12\/dejanhren-mitanmarina-0704.jpg\"><img decoding=\"async\" src=\"https:\/\/www.mitanmarina.com\/wp-content\/uploads\/2020\/12\/dejanhren-mitanmarina-0704-750x499.jpg\" alt=\"\"><\/a><\/div>\r\n\t\t\t\t\t<\/div>\r\n\t\t\t\t\t\r\n\t\t\t\t\t\r\n\t\t\t\t<\/div>\r\n\t\t\t[\/vc_column][\/vc_row][vc_row rt_row_background_width=&#8221;fullwidth&#8221; rt_row_content_width=&#8221;fullwidth&#8221; rt_row_style=&#8221;default-style&#8221; rt_row_height=&#8221;&#8221; rt_row_borders=&#8221;&#8221; rt_row_shadows=&#8221;&#8221; rt_column_gaps=&#8221;&#8221; rt_row_paddings=&#8221;true&#8221; rt_bg_effect=&#8221;classic&#8221; rt_transparent_bg=&#8221;&#8221; rt_bg_image_repeat=&#8221;repeat&#8221; rt_bg_size=&#8221;cover&#8221; rt_bg_position=&#8221;right top&#8221; rt_bg_attachment=&#8221;scroll&#8221; rt_bg_video_format=&#8221;self-hosted&#8221; rt_padding_top=&#8221;0&#8243; rt_padding_bottom=&#8221;0&#8243;][vc_column width=&#8221;1\/2&#8243; rt_col_paddings=&#8221;true&#8221; rt_wrp_col_paddings=&#8221;false&#8221; rt_column_shadow=&#8221;&#8221; rt_border_top=&#8221;&#8221; rt_border_bottom=&#8221;&#8221; rt_border_left=&#8221;&#8221; rt_border_right=&#8221;&#8221; rt_border_top_mobile=&#8221;&#8221; rt_border_bottom_mobile=&#8221;&#8221; rt_border_left_mobile=&#8221;&#8221; rt_border_right_mobile=&#8221;&#8221; rt_bg_image_repeat=&#8221;repeat&#8221; rt_bg_size=&#8221;auto auto&#8221; rt_bg_position=&#8221;right top&#8221; rt_bg_attachment=&#8221;scroll&#8221; rt_padding_left=&#8221;0&#8243; rt_padding_right=&#8221;0&#8243; rt_bg_color=&#8221;&#8221; rt_bg_overlay_color=&#8221;&#8221;]\r\n\t\t\t\t<div id=\"image-carousel-281978\" class=\"rt-carousel carousel-holder clearfix rt_lightbox_gallery\" data-item-width=\"1\" data-nav=\"true\" data-dots=\"false\" data-margin=\"0\" data-autoplay=\"true\" data-timeout=\"7000\" data-thumbnails=\"false\" data-boxed=\"false\" data-min-height=\"\" data-padding=\"0\" data-loop=\"false\" data-mobile-item-width=\"1\">\r\n\t\t\t\t\t<div class=\"owl-carousel\">\r\n\t\t\t\t\t\t<div><a id=\"lightbox-680022\" class=\"imgeffect zoom rt_lightbox\" data-gal-id=\"slider-carousel-712829\" data-rel=\"rt_lightbox\" title=\"Enlarge Image\" data-title=\"dejanhren-mitanmarina-24052025-day-11\" data-sub-html=\"\" data-src=\"\" data-width=\"\" data-height=\"\" data-poster=\"\" data-autoplay=\"\" data-audiotitle=\"\" data-download-url=\"false\" href=\"http:\/\/www.mitanmarina.com\/wp-content\/uploads\/2025\/07\/dejanhren-mitanmarina-24052025-day-11.jpg\"><img decoding=\"async\" src=\"https:\/\/www.mitanmarina.com\/wp-content\/uploads\/2025\/07\/dejanhren-mitanmarina-24052025-day-11-750x499.jpg\" alt=\"\"><\/a><\/div><div><a id=\"lightbox-263666\" class=\"imgeffect zoom rt_lightbox\" data-gal-id=\"slider-carousel-712829\" data-rel=\"rt_lightbox\" title=\"Enlarge Image\" data-title=\"IMG_9768\" data-sub-html=\"\" data-src=\"\" data-width=\"\" data-height=\"\" data-poster=\"\" data-autoplay=\"\" data-audiotitle=\"\" data-download-url=\"false\" href=\"http:\/\/www.mitanmarina.com\/wp-content\/uploads\/2019\/02\/IMG_9768.jpg\"><img decoding=\"async\" src=\"https:\/\/www.mitanmarina.com\/wp-content\/uploads\/2019\/02\/IMG_9768-750x500.jpg\" alt=\"\"><\/a><\/div><div><a id=\"lightbox-613580\" class=\"imgeffect zoom rt_lightbox\" data-gal-id=\"slider-carousel-712829\" data-rel=\"rt_lightbox\" title=\"Enlarge Image\" data-title=\"dejanhren-mitanmarina-24052025-day-108\" data-sub-html=\"\" data-src=\"\" data-width=\"\" data-height=\"\" data-poster=\"\" data-autoplay=\"\" data-audiotitle=\"\" data-download-url=\"false\" href=\"http:\/\/www.mitanmarina.com\/wp-content\/uploads\/2025\/07\/dejanhren-mitanmarina-24052025-day-108.jpg\"><img decoding=\"async\" src=\"https:\/\/www.mitanmarina.com\/wp-content\/uploads\/2025\/07\/dejanhren-mitanmarina-24052025-day-108-750x499.jpg\" alt=\"\"><\/a><\/div><div><a id=\"lightbox-278211\" class=\"imgeffect zoom rt_lightbox\" data-gal-id=\"slider-carousel-712829\" data-rel=\"rt_lightbox\" title=\"Enlarge Image\" data-title=\"dejanhren-mitanmarina-24052025-day-110\" data-sub-html=\"\" data-src=\"\" data-width=\"\" data-height=\"\" data-poster=\"\" data-autoplay=\"\" data-audiotitle=\"\" data-download-url=\"false\" href=\"http:\/\/www.mitanmarina.com\/wp-content\/uploads\/2025\/07\/dejanhren-mitanmarina-24052025-day-110.jpg\"><img decoding=\"async\" src=\"https:\/\/www.mitanmarina.com\/wp-content\/uploads\/2025\/07\/dejanhren-mitanmarina-24052025-day-110-750x499.jpg\" alt=\"\"><\/a><\/div>\r\n\t\t\t\t\t<\/div>\r\n\t\t\t\t\t\r\n\t\t\t\t\t\r\n\t\t\t\t<\/div>\r\n\t\t\t[\/vc_column][vc_column width=&#8221;1\/2&#8243; rt_col_paddings=&#8221;true&#8221; rt_wrp_col_paddings=&#8221;false&#8221; rt_column_shadow=&#8221;&#8221; rt_border_top=&#8221;&#8221; rt_border_bottom=&#8221;&#8221; rt_border_left=&#8221;&#8221; rt_border_right=&#8221;&#8221; rt_border_top_mobile=&#8221;&#8221; rt_border_bottom_mobile=&#8221;&#8221; rt_border_left_mobile=&#8221;&#8221; rt_border_right_mobile=&#8221;&#8221; rt_bg_image_repeat=&#8221;repeat&#8221; rt_bg_size=&#8221;auto auto&#8221; rt_bg_position=&#8221;right top&#8221; rt_bg_attachment=&#8221;scroll&#8221; rt_padding_top=&#8221;50px&#8221; rt_padding_bottom=&#8221;50px&#8221; rt_padding_left=&#8221;15%&#8221; rt_padding_right=&#8221;15%&#8221; rt_bg_color=&#8221;&#8221; rt_bg_overlay_color=&#8221;&#8221;]<div class=\"rt_heading_wrapper no-style\">\n\t\t\t\t\t\t<h4 class=\"rt_heading  no-style\" >Bistro Blue<\/h4> \n\t\t\t\t\t<\/div>[vc_separator style=&#8221;style-2&#8243;][vc_column_text css=&#8221;&#8221;]Do\u017eivite edinstveno vzdu\u0161je Bistroja Blue, popolnega kraja za po\u010dasna jutra ob kavi in pogledu na morje ter spro\u0161\u010dene popoldneve in ve\u010dere ob lokalnih vinih in osve\u017eilnih koktajlih.<\/p>\n<p>Nahaja se v sredi\u0161\u010du Mitan Marine, tik ob obali in privezih luksuznih jaht, Bistro Blue pa ponuja idealen odmik od vsakdanjega vrve\u017ea \u2013 za jadralce, sprehajalce, popotnike ali doma\u010de goste.<\/p>\n<p>Dan se tukaj lahko za\u010dne z vonjem po sve\u017ee kuhani kavi in spokojnim pogledom na morje ter zaklju\u010di z ne\u017eno glasbo in kozarcem vina ob son\u010dnem zahodu.<\/p>\n<p>Mitan Marina ustvarja ambient, kjer vsak trenutek postane do\u017eivetje, Bistro Blue pa je njen najbolj spro\u0161\u010den obraz \u2013 kraj, kjer \u010das preprosto izgine.[\/vc_column_text][\/vc_column][\/vc_row]<\/p>\n","protected":false},"excerpt":{"rendered":"<p>[vc_row rt_row_background_width=&#8221;fullwidth&#8221; rt_row_content_width=&#8221;fullwidth&#8221; rt_row_style=&#8221;default-style&#8221; rt_row_height=&#8221;min_height&#8221; rt_holder_placement=&#8221;bottom&#8221; rt_row_borders=&#8221;&#8221; rt_row_shadows=&#8221;&#8221; rt_column_gaps=&#8221;&#8221; rt_row_paddings=&#8221;false&#8221; rt_bg_effect=&#8221;parallax&#8221; rt_bg_parallax_effect=&#8221;3&#8243; rt_transparent_bg=&#8221;&#8221; rt_bg_image_repeat=&#8221;repeat&#8221; rt_bg_size=&#8221;cover&#8221; rt_bg_position=&#8221;right bottom&#8221; rt_bg_video_format=&#8221;self-hosted&#8221; rt_bg_image=&#8221;5193&#8243; rt_min_row_height=&#8221;700&#8243;][vc_column width=&#8221;1\/2&#8243; rt_color_set=&#8221;light-style&#8221; rt_col_paddings=&#8221;true&#8221; rt_wrp_col_paddings=&#8221;false&#8221; rt_column_shadow=&#8221;&#8221; rt_border_top=&#8221;&#8221; rt_border_bottom=&#8221;&#8221; rt_border_left=&#8221;&#8221; rt_border_right=&#8221;&#8221; rt_border_top_mobile=&#8221;&#8221; rt_border_bottom_mobile=&#8221;&#8221; rt_border_left_mobile=&#8221;&#8221; rt_border_right_mobile=&#8221;&#8221; rt_bg_image_repeat=&#8221;repeat&#8221; rt_bg_size=&#8221;auto auto&#8221; rt_bg_position=&#8221;right top&#8221; rt_bg_attachment=&#8221;scroll&#8221; rt_bg_color=&#8221;&#8221; rt_bg_overlay_color=&#8221;&#8221; rt_padding_top=&#8221;100px&#8221; rt_padding_bottom=&#8221;100px&#8221; rt_padding_left=&#8221;50px&#8221; rt_padding_right=&#8221;15%&#8221;][\/vc_column][vc_column width=&#8221;1\/2&#8243; rt_col_paddings=&#8221;true&#8221; rt_wrp_col_paddings=&#8221;false&#8221; rt_column_shadow=&#8221;&#8221; rt_border_top=&#8221;&#8221; rt_border_bottom=&#8221;&#8221; rt_border_left=&#8221;&#8221; rt_border_right=&#8221;&#8221; rt_border_top_mobile=&#8221;&#8221; rt_border_bottom_mobile=&#8221;&#8221; &#8230; <a class=\"more-link\" href=\"https:\/\/www.mitanmarina.com\/?page_id=3689&#038;lang=sl\">Continue reading<\/a><\/p>\n","protected":false},"author":1,"featured_media":0,"parent":0,"menu_order":0,"comment_status":"closed","ping_status":"closed","template":"","meta":{"footnotes":""},"class_list":["post-3689","page","type-page","status-publish","hentry"],"_links":{"self":[{"href":"https:\/\/www.mitanmarina.com\/index.php?rest_route=\/wp\/v2\/pages\/3689","targetHints":{"allow":["GET"]}}],"collection":[{"href":"https:\/\/www.mitanmarina.com\/index.php?rest_route=\/wp\/v2\/pages"}],"about":[{"href":"https:\/\/www.mitanmarina.com\/index.php?rest_route=\/wp\/v2\/types\/page"}],"author":[{"embeddable":true,"href":"https:\/\/www.mitanmarina.com\/index.php?rest_route=\/wp\/v2\/users\/1"}],"replies":[{"embeddable":true,"href":"https:\/\/www.mitanmarina.com\/index.php?rest_route=%2Fwp%2Fv2%2Fcomments&post=3689"}],"version-history":[{"count":6,"href":"https:\/\/www.mitanmarina.com\/index.php?rest_route=\/wp\/v2\/pages\/3689\/revisions"}],"predecessor-version":[{"id":5198,"href":"https:\/\/www.mitanmarina.com\/index.php?rest_route=\/wp\/v2\/pages\/3689\/revisions\/5198"}],"wp:attachment":[{"href":"https:\/\/www.mitanmarina.com\/index.php?rest_route=%2Fwp%2Fv2%2Fmedia&parent=3689"}],"curies":[{"name":"wp","href":"https:\/\/api.w.org\/{rel}","templated":true}]}}