{"id":3458,"date":"2019-02-14T22:31:46","date_gmt":"2019-02-14T22:31:46","guid":{"rendered":"http:\/\/www.mitanmarina.com\/?page_id=3458"},"modified":"2025-07-15T10:42:46","modified_gmt":"2025-07-15T10:42:46","slug":"restaurant","status":"publish","type":"page","link":"https:\/\/www.mitanmarina.com\/?page_id=3458&lang=hr","title":{"rendered":"Restoran"},"content":{"rendered":"<p>[vc_row rt_row_background_width=&#8221;fullwidth&#8221; rt_row_content_width=&#8221;fullwidth&#8221; rt_row_style=&#8221;default-style&#8221; rt_row_height=&#8221;min_height&#8221; rt_holder_placement=&#8221;bottom&#8221; rt_row_borders=&#8221;&#8221; rt_row_shadows=&#8221;&#8221; rt_column_gaps=&#8221;&#8221; rt_row_paddings=&#8221;false&#8221; rt_bg_effect=&#8221;parallax&#8221; rt_bg_parallax_effect=&#8221;3&#8243; rt_transparent_bg=&#8221;&#8221; rt_bg_image_repeat=&#8221;repeat&#8221; rt_bg_size=&#8221;cover&#8221; rt_bg_position=&#8221;right bottom&#8221; rt_bg_video_format=&#8221;self-hosted&#8221; rt_bg_image=&#8221;5190&#8243; rt_min_row_height=&#8221;700&#8243;][vc_column width=&#8221;1\/2&#8243; rt_color_set=&#8221;light-style&#8221; rt_col_paddings=&#8221;true&#8221; rt_wrp_col_paddings=&#8221;false&#8221; rt_column_shadow=&#8221;&#8221; rt_border_top=&#8221;&#8221; rt_border_bottom=&#8221;&#8221; rt_border_left=&#8221;&#8221; rt_border_right=&#8221;&#8221; rt_border_top_mobile=&#8221;&#8221; rt_border_bottom_mobile=&#8221;&#8221; rt_border_left_mobile=&#8221;&#8221; rt_border_right_mobile=&#8221;&#8221; rt_bg_image_repeat=&#8221;repeat&#8221; rt_bg_size=&#8221;auto auto&#8221; rt_bg_position=&#8221;right top&#8221; rt_bg_attachment=&#8221;scroll&#8221; rt_bg_color=&#8221;&#8221; rt_bg_overlay_color=&#8221;&#8221; rt_padding_top=&#8221;100px&#8221; rt_padding_bottom=&#8221;100px&#8221; rt_padding_left=&#8221;50px&#8221; rt_padding_right=&#8221;15%&#8221;]<div class=\"rt_heading_wrapper style-5\">\n\t\t\t\t\t\t<h1 class=\"rt_heading  style-5\" >Restaurant Argo i Bistro Blue<\/h1> \n\t\t\t\t\t<\/div><div class=\"rt_heading_wrapper no-style\">\n\t\t\t\t\t\t<span class=\"rt_heading  secondary-font no-style\"  style=\"font-size:22px;\">Ku\u0161ajte regionalnu kuhinju<\/span> \n\t\t\t\t\t<\/div>[\/vc_column][vc_column width=&#8221;1\/2&#8243; rt_col_paddings=&#8221;true&#8221; rt_wrp_col_paddings=&#8221;false&#8221; rt_column_shadow=&#8221;&#8221; rt_border_top=&#8221;&#8221; rt_border_bottom=&#8221;&#8221; rt_border_left=&#8221;&#8221; rt_border_right=&#8221;&#8221; rt_border_top_mobile=&#8221;&#8221; rt_border_bottom_mobile=&#8221;&#8221; rt_border_left_mobile=&#8221;&#8221; rt_border_right_mobile=&#8221;&#8221; rt_bg_image_repeat=&#8221;repeat&#8221; rt_bg_size=&#8221;auto auto&#8221; rt_bg_position=&#8221;right top&#8221; rt_bg_attachment=&#8221;scroll&#8221;][\/vc_column][\/vc_row][vc_row rt_row_background_width=&#8221;fullwidth&#8221; rt_row_content_width=&#8221;fullwidth&#8221; rt_row_style=&#8221;default-style&#8221; rt_row_height=&#8221;&#8221; rt_row_borders=&#8221;&#8221; rt_row_shadows=&#8221;&#8221; rt_column_gaps=&#8221;&#8221; rt_row_paddings=&#8221;true&#8221; rt_bg_effect=&#8221;classic&#8221; rt_transparent_bg=&#8221;&#8221; rt_bg_image_repeat=&#8221;repeat&#8221; rt_bg_size=&#8221;cover&#8221; rt_bg_position=&#8221;right top&#8221; rt_bg_attachment=&#8221;scroll&#8221; rt_bg_video_format=&#8221;self-hosted&#8221; rt_padding_top=&#8221;0&#8243; rt_padding_bottom=&#8221;0&#8243;][vc_column width=&#8221;1\/2&#8243; rt_col_paddings=&#8221;true&#8221; rt_wrp_col_paddings=&#8221;false&#8221; rt_column_shadow=&#8221;&#8221; rt_border_top=&#8221;&#8221; rt_border_bottom=&#8221;&#8221; rt_border_left=&#8221;&#8221; rt_border_right=&#8221;&#8221; rt_border_top_mobile=&#8221;&#8221; rt_border_bottom_mobile=&#8221;&#8221; rt_border_left_mobile=&#8221;&#8221; rt_border_right_mobile=&#8221;&#8221; rt_bg_image_repeat=&#8221;repeat&#8221; rt_bg_size=&#8221;auto auto&#8221; rt_bg_position=&#8221;right top&#8221; rt_bg_attachment=&#8221;scroll&#8221; rt_padding_top=&#8221;50px&#8221; rt_padding_bottom=&#8221;50px&#8221; rt_padding_left=&#8221;15%&#8221; rt_padding_right=&#8221;15%&#8221; rt_bg_color=&#8221;&#8221; rt_bg_overlay_color=&#8221;&#8221;]<div class=\"rt_heading_wrapper no-style\">\n\t\t\t\t\t\t<h4 class=\"rt_heading  no-style\" >Restoran Argo<\/h4> \n\t\t\t\t\t<\/div>[vc_separator style=&#8221;style-2&#8243;][vc_column_text css=&#8221;&#8221;]Restoran Argo i bistro Blue u marini nisu samo mjesta za u\u017eivanje u regionalnoj kuhinji, \u010da\u0161i vrhunskog vina, izvrsnom pjenu\u0161cu ili jutarnjoj kavi.<\/p>\n<p>\u017divot marine odvija se upravo ispred restorana Argo. Uvijek je zadovoljstvo do\u0107i ovdje. Prostor je prikladan za sve vrste poslovnih, obiteljskih i drugih okupljanja.<\/p>\n<p>U na\u0161em restoranu imate priliku jednako u\u017eivati u ugodnoj, intimnoj atmosferi iznimno dizajniranog interijera s pogledom na jahte, kao i u pa\u017eljivo biranim jelima.<\/p>\n<p>Kontakt: +385 51 627 764 \/ Mobitel: +385 98 342 320<br \/>\nE-mail: <a href=\"mailto:tomljanovicalan@gmail.com\">tomljanovicalan@gmail.com<\/a>[\/vc_column_text][\/vc_column][vc_column width=&#8221;1\/2&#8243; rt_col_paddings=&#8221;true&#8221; rt_wrp_col_paddings=&#8221;false&#8221; rt_column_shadow=&#8221;&#8221; rt_border_top=&#8221;&#8221; rt_border_bottom=&#8221;&#8221; rt_border_left=&#8221;&#8221; rt_border_right=&#8221;&#8221; rt_border_top_mobile=&#8221;&#8221; rt_border_bottom_mobile=&#8221;&#8221; rt_border_left_mobile=&#8221;&#8221; rt_border_right_mobile=&#8221;&#8221; rt_bg_image_repeat=&#8221;repeat&#8221; rt_bg_size=&#8221;auto auto&#8221; rt_bg_position=&#8221;right top&#8221; rt_bg_attachment=&#8221;scroll&#8221; rt_padding_left=&#8221;0&#8243; rt_padding_right=&#8221;0&#8243; rt_bg_color=&#8221;&#8221; rt_bg_overlay_color=&#8221;&#8221;]\r\n\t\t\t\t<div id=\"image-carousel-593166\" class=\"rt-carousel carousel-holder clearfix rt_lightbox_gallery\" data-item-width=\"1\" data-nav=\"true\" data-dots=\"false\" data-margin=\"0\" data-autoplay=\"true\" data-timeout=\"12000\" data-thumbnails=\"false\" data-boxed=\"false\" data-min-height=\"\" data-padding=\"0\" data-loop=\"false\" data-mobile-item-width=\"1\">\r\n\t\t\t\t\t<div class=\"owl-carousel\">\r\n\t\t\t\t\t\t<div><a id=\"lightbox-245777\" class=\"imgeffect zoom rt_lightbox\" data-gal-id=\"slider-carousel-403789\" data-rel=\"rt_lightbox\" title=\"Enlarge Image\" data-title=\"dejanhren-mitanmarina-24052025-day-28\" data-sub-html=\"\" data-src=\"\" data-width=\"\" data-height=\"\" data-poster=\"\" data-autoplay=\"\" data-audiotitle=\"\" data-download-url=\"false\" href=\"http:\/\/www.mitanmarina.com\/wp-content\/uploads\/2025\/07\/dejanhren-mitanmarina-24052025-day-28.jpg\"><img decoding=\"async\" src=\"https:\/\/www.mitanmarina.com\/wp-content\/uploads\/2025\/07\/dejanhren-mitanmarina-24052025-day-28-750x499.jpg\" alt=\"\"><\/a><\/div><div><a id=\"lightbox-941888\" class=\"imgeffect zoom rt_lightbox\" data-gal-id=\"slider-carousel-403789\" data-rel=\"rt_lightbox\" title=\"Enlarge Image\" data-title=\"dejanhren-mitanmarina-24052025-day-27\" data-sub-html=\"\" data-src=\"\" data-width=\"\" data-height=\"\" data-poster=\"\" data-autoplay=\"\" data-audiotitle=\"\" data-download-url=\"false\" href=\"http:\/\/www.mitanmarina.com\/wp-content\/uploads\/2025\/07\/dejanhren-mitanmarina-24052025-day-27.jpg\"><img decoding=\"async\" src=\"https:\/\/www.mitanmarina.com\/wp-content\/uploads\/2025\/07\/dejanhren-mitanmarina-24052025-day-27-750x499.jpg\" alt=\"\"><\/a><\/div><div><a id=\"lightbox-689970\" class=\"imgeffect zoom rt_lightbox\" data-gal-id=\"slider-carousel-403789\" data-rel=\"rt_lightbox\" title=\"Enlarge Image\" data-title=\"dejanhren-mitanmarina-24052025-day-26\" data-sub-html=\"\" data-src=\"\" data-width=\"\" data-height=\"\" data-poster=\"\" data-autoplay=\"\" data-audiotitle=\"\" data-download-url=\"false\" href=\"http:\/\/www.mitanmarina.com\/wp-content\/uploads\/2025\/07\/dejanhren-mitanmarina-24052025-day-26.jpg\"><img decoding=\"async\" src=\"https:\/\/www.mitanmarina.com\/wp-content\/uploads\/2025\/07\/dejanhren-mitanmarina-24052025-day-26-750x499.jpg\" alt=\"\"><\/a><\/div><div><a id=\"lightbox-448531\" class=\"imgeffect zoom rt_lightbox\" data-gal-id=\"slider-carousel-403789\" data-rel=\"rt_lightbox\" title=\"Enlarge Image\" data-title=\"dejanhren-mitanmarina-9382\" data-sub-html=\"\" data-src=\"\" data-width=\"\" data-height=\"\" data-poster=\"\" data-autoplay=\"\" data-audiotitle=\"\" data-download-url=\"false\" href=\"http:\/\/www.mitanmarina.com\/wp-content\/uploads\/2020\/12\/dejanhren-mitanmarina-9382.jpg\"><img decoding=\"async\" src=\"https:\/\/www.mitanmarina.com\/wp-content\/uploads\/2020\/12\/dejanhren-mitanmarina-9382-750x499.jpg\" alt=\"\"><\/a><\/div><div><a id=\"lightbox-265104\" class=\"imgeffect zoom rt_lightbox\" data-gal-id=\"slider-carousel-403789\" data-rel=\"rt_lightbox\" title=\"Enlarge Image\" data-title=\"dejanhren-mitanmarina-0704\" data-sub-html=\"\" data-src=\"\" data-width=\"\" data-height=\"\" data-poster=\"\" data-autoplay=\"\" data-audiotitle=\"\" data-download-url=\"false\" href=\"http:\/\/www.mitanmarina.com\/wp-content\/uploads\/2020\/12\/dejanhren-mitanmarina-0704.jpg\"><img decoding=\"async\" src=\"https:\/\/www.mitanmarina.com\/wp-content\/uploads\/2020\/12\/dejanhren-mitanmarina-0704-750x499.jpg\" alt=\"\"><\/a><\/div>\r\n\t\t\t\t\t<\/div>\r\n\t\t\t\t\t\r\n\t\t\t\t\t\r\n\t\t\t\t<\/div>\r\n\t\t\t[\/vc_column][\/vc_row][vc_row rt_row_background_width=&#8221;fullwidth&#8221; rt_row_content_width=&#8221;fullwidth&#8221; rt_row_style=&#8221;default-style&#8221; rt_row_height=&#8221;&#8221; rt_row_borders=&#8221;&#8221; rt_row_shadows=&#8221;&#8221; rt_column_gaps=&#8221;&#8221; rt_row_paddings=&#8221;true&#8221; rt_bg_effect=&#8221;classic&#8221; rt_transparent_bg=&#8221;&#8221; rt_bg_image_repeat=&#8221;repeat&#8221; rt_bg_size=&#8221;cover&#8221; rt_bg_position=&#8221;right top&#8221; rt_bg_attachment=&#8221;scroll&#8221; rt_bg_video_format=&#8221;self-hosted&#8221; rt_padding_top=&#8221;0&#8243; rt_padding_bottom=&#8221;0&#8243;][vc_column width=&#8221;1\/2&#8243; rt_col_paddings=&#8221;true&#8221; rt_wrp_col_paddings=&#8221;false&#8221; rt_column_shadow=&#8221;&#8221; rt_border_top=&#8221;&#8221; rt_border_bottom=&#8221;&#8221; rt_border_left=&#8221;&#8221; rt_border_right=&#8221;&#8221; rt_border_top_mobile=&#8221;&#8221; rt_border_bottom_mobile=&#8221;&#8221; rt_border_left_mobile=&#8221;&#8221; rt_border_right_mobile=&#8221;&#8221; rt_bg_image_repeat=&#8221;repeat&#8221; rt_bg_size=&#8221;auto auto&#8221; rt_bg_position=&#8221;right top&#8221; rt_bg_attachment=&#8221;scroll&#8221; rt_padding_left=&#8221;0&#8243; rt_padding_right=&#8221;0&#8243; rt_bg_color=&#8221;&#8221; rt_bg_overlay_color=&#8221;&#8221;]\r\n\t\t\t\t<div id=\"image-carousel-877777\" class=\"rt-carousel carousel-holder clearfix rt_lightbox_gallery\" data-item-width=\"1\" data-nav=\"true\" data-dots=\"false\" data-margin=\"0\" data-autoplay=\"true\" data-timeout=\"7000\" data-thumbnails=\"false\" data-boxed=\"false\" data-min-height=\"\" data-padding=\"0\" data-loop=\"false\" data-mobile-item-width=\"1\">\r\n\t\t\t\t\t<div class=\"owl-carousel\">\r\n\t\t\t\t\t\t<div><a id=\"lightbox-331957\" class=\"imgeffect zoom rt_lightbox\" data-gal-id=\"slider-carousel-456769\" data-rel=\"rt_lightbox\" title=\"Enlarge Image\" data-title=\"dejanhren-mitanmarina-24052025-day-11\" data-sub-html=\"\" data-src=\"\" data-width=\"\" data-height=\"\" data-poster=\"\" data-autoplay=\"\" data-audiotitle=\"\" data-download-url=\"false\" href=\"http:\/\/www.mitanmarina.com\/wp-content\/uploads\/2025\/07\/dejanhren-mitanmarina-24052025-day-11.jpg\"><img decoding=\"async\" src=\"https:\/\/www.mitanmarina.com\/wp-content\/uploads\/2025\/07\/dejanhren-mitanmarina-24052025-day-11-750x499.jpg\" alt=\"\"><\/a><\/div><div><a id=\"lightbox-621477\" class=\"imgeffect zoom rt_lightbox\" data-gal-id=\"slider-carousel-456769\" data-rel=\"rt_lightbox\" title=\"Enlarge Image\" data-title=\"IMG_9770\" data-sub-html=\"\" data-src=\"\" data-width=\"\" data-height=\"\" data-poster=\"\" data-autoplay=\"\" data-audiotitle=\"\" data-download-url=\"false\" href=\"http:\/\/www.mitanmarina.com\/wp-content\/uploads\/2019\/02\/IMG_9770.jpg\"><img decoding=\"async\" src=\"https:\/\/www.mitanmarina.com\/wp-content\/uploads\/2019\/02\/IMG_9770-750x500.jpg\" alt=\"\"><\/a><\/div><div><a id=\"lightbox-681433\" class=\"imgeffect zoom rt_lightbox\" data-gal-id=\"slider-carousel-456769\" data-rel=\"rt_lightbox\" title=\"Enlarge Image\" data-title=\"dejanhren-mitanmarina-24052025-day-110\" data-sub-html=\"\" data-src=\"\" data-width=\"\" data-height=\"\" data-poster=\"\" data-autoplay=\"\" data-audiotitle=\"\" data-download-url=\"false\" href=\"http:\/\/www.mitanmarina.com\/wp-content\/uploads\/2025\/07\/dejanhren-mitanmarina-24052025-day-110.jpg\"><img decoding=\"async\" src=\"https:\/\/www.mitanmarina.com\/wp-content\/uploads\/2025\/07\/dejanhren-mitanmarina-24052025-day-110-750x499.jpg\" alt=\"\"><\/a><\/div><div><a id=\"lightbox-119347\" class=\"imgeffect zoom rt_lightbox\" data-gal-id=\"slider-carousel-456769\" data-rel=\"rt_lightbox\" title=\"Enlarge Image\" data-title=\"IMG_9768\" data-sub-html=\"\" data-src=\"\" data-width=\"\" data-height=\"\" data-poster=\"\" data-autoplay=\"\" data-audiotitle=\"\" data-download-url=\"false\" href=\"http:\/\/www.mitanmarina.com\/wp-content\/uploads\/2019\/02\/IMG_9768.jpg\"><img decoding=\"async\" src=\"https:\/\/www.mitanmarina.com\/wp-content\/uploads\/2019\/02\/IMG_9768-750x500.jpg\" alt=\"\"><\/a><\/div><div><a id=\"lightbox-802361\" class=\"imgeffect zoom rt_lightbox\" data-gal-id=\"slider-carousel-456769\" data-rel=\"rt_lightbox\" title=\"Enlarge Image\" data-title=\"dejanhren-mitanmarina-24052025-day-108\" data-sub-html=\"\" data-src=\"\" data-width=\"\" data-height=\"\" data-poster=\"\" data-autoplay=\"\" data-audiotitle=\"\" data-download-url=\"false\" href=\"http:\/\/www.mitanmarina.com\/wp-content\/uploads\/2025\/07\/dejanhren-mitanmarina-24052025-day-108.jpg\"><img decoding=\"async\" src=\"https:\/\/www.mitanmarina.com\/wp-content\/uploads\/2025\/07\/dejanhren-mitanmarina-24052025-day-108-750x499.jpg\" alt=\"\"><\/a><\/div>\r\n\t\t\t\t\t<\/div>\r\n\t\t\t\t\t\r\n\t\t\t\t\t\r\n\t\t\t\t<\/div>\r\n\t\t\t[\/vc_column][vc_column width=&#8221;1\/2&#8243; rt_col_paddings=&#8221;true&#8221; rt_wrp_col_paddings=&#8221;false&#8221; rt_column_shadow=&#8221;&#8221; rt_border_top=&#8221;&#8221; rt_border_bottom=&#8221;&#8221; rt_border_left=&#8221;&#8221; rt_border_right=&#8221;&#8221; rt_border_top_mobile=&#8221;&#8221; rt_border_bottom_mobile=&#8221;&#8221; rt_border_left_mobile=&#8221;&#8221; rt_border_right_mobile=&#8221;&#8221; rt_bg_image_repeat=&#8221;repeat&#8221; rt_bg_size=&#8221;auto auto&#8221; rt_bg_position=&#8221;right top&#8221; rt_bg_attachment=&#8221;scroll&#8221; rt_padding_top=&#8221;50px&#8221; rt_padding_bottom=&#8221;50px&#8221; rt_padding_left=&#8221;15%&#8221; rt_padding_right=&#8221;15%&#8221; rt_bg_color=&#8221;&#8221; rt_bg_overlay_color=&#8221;&#8221;]<div class=\"rt_heading_wrapper no-style\">\n\t\t\t\t\t\t<h4 class=\"rt_heading  no-style\" >Bistro Blue<\/h4> \n\t\t\t\t\t<\/div>[vc_separator style=&#8221;style-2&#8243;][vc_column_text css=&#8221;&#8221;]U\u017eivajte u jedinstvenom ugo\u0111aju Bistroa Blue, savr\u0161enog mjesta za opu\u0161tena jutra uz kavu i pogled na more, kao i za lagana popodneva i ve\u010deri uz lokalna vina i osvje\u017eavaju\u0107e koktele.<\/p>\n<p>Smje\u0161ten u srcu Mitan Marine, uz samu obalu i vezove luksuznih jahti, Bistro Blue nudi idealan predah od svakodnevnog ritma \u2013 bilo da ste nauti\u010dar, \u0161eta\u010d, putnik ili lokalni gost.<\/p>\n<p>Ovdje dan mo\u017ee zapo\u010deti mirisom svje\u017ee kave i pogledom na mirnu morsku povr\u0161inu, a zavr\u0161iti uz laganu glazbu i \u010da\u0161u vina dok sunce zalazi iza obzora.<\/p>\n<p>Mitan Marina stvara ambijent u kojem svaki trenutak postaje do\u017eivljaj, a Bistro Blue je njegovo najopu\u0161tenije lice \u2013 mjesto gdje se lako zaboravlja na vrijeme.[\/vc_column_text][\/vc_column][\/vc_row]<\/p>\n","protected":false},"excerpt":{"rendered":"<p>[vc_row rt_row_background_width=&#8221;fullwidth&#8221; rt_row_content_width=&#8221;fullwidth&#8221; rt_row_style=&#8221;default-style&#8221; rt_row_height=&#8221;min_height&#8221; rt_holder_placement=&#8221;bottom&#8221; rt_row_borders=&#8221;&#8221; rt_row_shadows=&#8221;&#8221; rt_column_gaps=&#8221;&#8221; rt_row_paddings=&#8221;false&#8221; rt_bg_effect=&#8221;parallax&#8221; rt_bg_parallax_effect=&#8221;3&#8243; rt_transparent_bg=&#8221;&#8221; rt_bg_image_repeat=&#8221;repeat&#8221; rt_bg_size=&#8221;cover&#8221; rt_bg_position=&#8221;right bottom&#8221; rt_bg_video_format=&#8221;self-hosted&#8221; rt_bg_image=&#8221;5190&#8243; rt_min_row_height=&#8221;700&#8243;][vc_column width=&#8221;1\/2&#8243; rt_color_set=&#8221;light-style&#8221; rt_col_paddings=&#8221;true&#8221; rt_wrp_col_paddings=&#8221;false&#8221; rt_column_shadow=&#8221;&#8221; rt_border_top=&#8221;&#8221; rt_border_bottom=&#8221;&#8221; rt_border_left=&#8221;&#8221; rt_border_right=&#8221;&#8221; rt_border_top_mobile=&#8221;&#8221; rt_border_bottom_mobile=&#8221;&#8221; rt_border_left_mobile=&#8221;&#8221; rt_border_right_mobile=&#8221;&#8221; rt_bg_image_repeat=&#8221;repeat&#8221; rt_bg_size=&#8221;auto auto&#8221; rt_bg_position=&#8221;right top&#8221; rt_bg_attachment=&#8221;scroll&#8221; rt_bg_color=&#8221;&#8221; rt_bg_overlay_color=&#8221;&#8221; rt_padding_top=&#8221;100px&#8221; rt_padding_bottom=&#8221;100px&#8221; rt_padding_left=&#8221;50px&#8221; rt_padding_right=&#8221;15%&#8221;][\/vc_column][vc_column width=&#8221;1\/2&#8243; rt_col_paddings=&#8221;true&#8221; rt_wrp_col_paddings=&#8221;false&#8221; rt_column_shadow=&#8221;&#8221; rt_border_top=&#8221;&#8221; rt_border_bottom=&#8221;&#8221; rt_border_left=&#8221;&#8221; rt_border_right=&#8221;&#8221; rt_border_top_mobile=&#8221;&#8221; rt_border_bottom_mobile=&#8221;&#8221; &#8230; <a class=\"more-link\" href=\"https:\/\/www.mitanmarina.com\/?page_id=3458&#038;lang=hr\">Continue reading<\/a><\/p>\n","protected":false},"author":1,"featured_media":0,"parent":0,"menu_order":0,"comment_status":"closed","ping_status":"closed","template":"","meta":{"footnotes":""},"class_list":["post-3458","page","type-page","status-publish","hentry"],"_links":{"self":[{"href":"https:\/\/www.mitanmarina.com\/index.php?rest_route=\/wp\/v2\/pages\/3458","targetHints":{"allow":["GET"]}}],"collection":[{"href":"https:\/\/www.mitanmarina.com\/index.php?rest_route=\/wp\/v2\/pages"}],"about":[{"href":"https:\/\/www.mitanmarina.com\/index.php?rest_route=\/wp\/v2\/types\/page"}],"author":[{"embeddable":true,"href":"https:\/\/www.mitanmarina.com\/index.php?rest_route=\/wp\/v2\/users\/1"}],"replies":[{"embeddable":true,"href":"https:\/\/www.mitanmarina.com\/index.php?rest_route=%2Fwp%2Fv2%2Fcomments&post=3458"}],"version-history":[{"count":6,"href":"https:\/\/www.mitanmarina.com\/index.php?rest_route=\/wp\/v2\/pages\/3458\/revisions"}],"predecessor-version":[{"id":5195,"href":"https:\/\/www.mitanmarina.com\/index.php?rest_route=\/wp\/v2\/pages\/3458\/revisions\/5195"}],"wp:attachment":[{"href":"https:\/\/www.mitanmarina.com\/index.php?rest_route=%2Fwp%2Fv2%2Fmedia&parent=3458"}],"curies":[{"name":"wp","href":"https:\/\/api.w.org\/{rel}","templated":true}]}}