{"id":3597,"date":"2016-06-13T13:00:21","date_gmt":"2016-06-13T13:00:21","guid":{"rendered":"http:\/\/www.mitanmarina.com\/?page_id=3597"},"modified":"2019-04-10T06:10:44","modified_gmt":"2019-04-10T06:10:44","slug":"our-boats","status":"publish","type":"page","link":"http:\/\/www.mitanmarina.com\/?page_id=3597&lang=it","title":{"rendered":"Rent a barca"},"content":{"rendered":"<p>[vc_row rt_row_background_width=&#8221;fullwidth&#8221; rt_row_content_width=&#8221;default&#8221; rt_row_style=&#8221;default-style&#8221; rt_row_height=&#8221;&#8221; rt_column_placement=&#8221;middle&#8221; rt_row_borders=&#8221;&#8221; rt_row_shadows=&#8221;&#8221; rt_column_gaps=&#8221;&#8221; rt_row_paddings=&#8221;true&#8221; rt_bg_effect=&#8221;shape&#8221; rt_bg_shape=&#8221;cross-right&#8221; rt_bg_custom_alignment=&#8221;top&#8221; rt_transparent_bg=&#8221;&#8221; rt_bg_image_repeat=&#8221;repeat&#8221; rt_bg_size=&#8221;cover&#8221; rt_bg_position=&#8221;right top&#8221; rt_bg_video_format=&#8221;self-hosted&#8221; rt_padding_top=&#8221;100&#8243; rt_padding_bottom=&#8221;120&#8243; rt_bg_shape_color=&#8221;#f7f7f7&#8243;][vc_column width=&#8221;1\/2&#8243; rt_col_paddings=&#8221;true&#8221; rt_wrp_col_paddings=&#8221;false&#8221; rt_column_shadow=&#8221;&#8221; rt_border_top=&#8221;&#8221; rt_border_bottom=&#8221;&#8221; rt_border_left=&#8221;&#8221; rt_border_right=&#8221;&#8221; rt_border_top_mobile=&#8221;&#8221; rt_border_bottom_mobile=&#8221;&#8221; rt_border_left_mobile=&#8221;&#8221; rt_border_right_mobile=&#8221;&#8221; rt_bg_image_repeat=&#8221;repeat&#8221; rt_bg_size=&#8221;auto auto&#8221; rt_bg_position=&#8221;right top&#8221; rt_bg_attachment=&#8221;scroll&#8221; rt_bg_color=&#8221;&#8221; rt_bg_overlay_color=&#8221;&#8221;]<div class=\"rt_heading_wrapper no-style\">\n\t\t\t\t\t\t<h1 class=\"rt_heading  no-style\" >RENT-a-BARCA <em>a<\/em> ZAR<\/h1> \n\t\t\t\t\t<\/div>[\/vc_column][vc_column width=&#8221;1\/2&#8243; rt_color_set=&#8221;default-style&#8221; rt_col_paddings=&#8221;true&#8221; rt_wrp_col_paddings=&#8221;false&#8221; rt_column_shadow=&#8221;true&#8221; rt_border_top=&#8221;true&#8221; rt_border_bottom=&#8221;true&#8221; rt_border_left=&#8221;true&#8221; rt_border_right=&#8221;true&#8221; rt_border_top_mobile=&#8221;&#8221; rt_border_bottom_mobile=&#8221;&#8221; rt_border_left_mobile=&#8221;&#8221; rt_border_right_mobile=&#8221;&#8221; rt_bg_image_repeat=&#8221;repeat&#8221; rt_bg_size=&#8221;auto auto&#8221; rt_bg_position=&#8221;right top&#8221; rt_bg_attachment=&#8221;scroll&#8221; rt_bg_color=&#8221;&#8221; rt_bg_overlay_color=&#8221;&#8221; rt_padding_top=&#8221;40&#8243; rt_padding_bottom=&#8221;5&#8243; rt_padding_left=&#8221;40&#8243; rt_padding_right=&#8221;40&#8243;][vc_column_text]<\/p>\n<p style=\"text-align: center;\">L&#8217;opportunit\u00e0 di esplorare e godere delle acque circostanti, attraverso il servizio di noleggio di imbarcazioni ZAR, \u00e8 ci\u00f2 che Mitan Marina ha ancora da proporvi.<br \/>\nSono disponibili gli ultimi modelli ZAR. Qualit\u00e0 eccellenti, distintivo profilo a V, una combinazione ottimale tra pneumatica e piani in vetroresine.<\/p>\n<p>[\/vc_column_text][\/vc_column][\/vc_row][vc_row rt_row_background_width=&#8221;fullwidth&#8221; rt_row_content_width=&#8221;fullwidth&#8221; rt_row_style=&#8221;default-style&#8221; rt_row_height=&#8221;&#8221; rt_row_borders=&#8221;&#8221; rt_row_shadows=&#8221;&#8221; rt_column_gaps=&#8221;&#8221; rt_row_paddings=&#8221;true&#8221; rt_bg_effect=&#8221;classic&#8221; rt_transparent_bg=&#8221;&#8221; rt_bg_image_repeat=&#8221;repeat&#8221; rt_bg_size=&#8221;cover&#8221; rt_bg_position=&#8221;right top&#8221; rt_bg_attachment=&#8221;scroll&#8221; rt_bg_video_format=&#8221;self-hosted&#8221; rt_padding_left=&#8221;0&#8243; rt_padding_right=&#8221;0&#8243;][vc_column rt_col_paddings=&#8221;false&#8221; rt_wrp_col_paddings=&#8221;false&#8221; rt_column_shadow=&#8221;&#8221; rt_border_top=&#8221;&#8221; rt_border_bottom=&#8221;&#8221; rt_border_left=&#8221;&#8221; rt_border_right=&#8221;&#8221; rt_border_top_mobile=&#8221;&#8221; rt_border_bottom_mobile=&#8221;&#8221; rt_border_left_mobile=&#8221;&#8221; rt_border_right_mobile=&#8221;&#8221; rt_bg_image_repeat=&#8221;repeat&#8221; rt_bg_size=&#8221;auto auto&#8221; rt_bg_position=&#8221;right top&#8221; rt_bg_attachment=&#8221;scroll&#8221; rt_bg_color=&#8221;&#8221; rt_bg_overlay_color=&#8221;&#8221;]\n\t\t\t\t\t\t<div class=\"filter-holder\" data-list-id=\"portfolio-dynamicID-150325\">\n\t\t\t\t\t\t\t<ul class=\"filter_navigation\">\n\t\t\t\t\t\t\t\t<li><a href=\"#\" data-filter=\"*\" class=\"active\" title=\"All\">All<\/a><\/li>\n\t\t\t\t\t\t\t\t<li><a data-filter=\".boats\" title=\"Boats\">Boats<\/a><\/li>\n\n\t\t\t\t\t\t\t<\/ul>\n\t\t\t\t\t\t<\/div>\n<div id=\"portfolio-dynamicID-150325\" class=\"row portfolio_list rt-gallery clearfix  metro-gallery filterable\" data-column-width=\"3\">\n<div class=\"col  rt-dynamic col-xs-12 col-sm-6 col-md-6  boats\">\n \n\n<!-- portfolio box-->\n<div class=\"loop style-2 alt-style-1 image post-2785 portfolio type-portfolio status-publish has-post-thumbnail hentry portfolio_categories-boats\" id=\"portfolio-2785\">\n\n\t\n\n\t\t\t\t<figure class=\"image-thumbnail\">\n\t\t\t\t\t<img decoding=\"async\" src=\"http:\/\/www.mitanmarina.com\/wp-content\/uploads\/2019\/02\/zar-85-001-960x960.jpg\" alt=\"\" class=\"\" \/>\t\t\t\t\n\t\t\t\t<\/figure>\n\n\t\t\t\t<div class=\"overlay\">\n\t\t\t\t\t<a href=\"http:\/\/www.mitanmarina.com\/?portfolio=whale-4-engine-boat\" target=\"_self\" title=\"ZAR 85 SL\"><\/a>\n\n\t\t\t\t\t<section class=\"text\">\n\t\t\t\t\t\t<h5 class=\"title\"><a href=\"http:\/\/www.mitanmarina.com\/?portfolio=whale-4-engine-boat\" target=\"_self\" rel=\"bookmark\">ZAR 85 SL<\/a><\/h5>\n\t\t\t\t\t\t\n\t\t\t\t\t\t<p>Luxury yet sporty inflatable boat<\/p>\t\t\t\t\n\t\t\t\t\t<\/section> \t\n\n\t\t\t\t<\/div>\n\n\t\t\t\n<\/div> \n<!-- \/ portfolio box-->\n<\/div>\n<div class=\"col  rt-dynamic col-xs-12 col-sm-3 col-md-3  boats\">\n \n\n<!-- portfolio box-->\n<div class=\"loop style-2 alt-style-1 image post-3169 portfolio type-portfolio status-publish has-post-thumbnail hentry portfolio_categories-boats\" id=\"portfolio-3169\">\n\n\t\n\n\t\t\t\t<figure class=\"image-thumbnail\">\n\t\t\t\t\t<img decoding=\"async\" src=\"http:\/\/www.mitanmarina.com\/wp-content\/uploads\/2019\/02\/zar-65-001-960x960.jpg\" alt=\"\" class=\"\" \/>\t\t\t\t\n\t\t\t\t<\/figure>\n\n\t\t\t\t<div class=\"overlay\">\n\t\t\t\t\t<a href=\"http:\/\/www.mitanmarina.com\/?portfolio=zar-65\" target=\"_self\" title=\"ZAR 65\"><\/a>\n\n\t\t\t\t\t<section class=\"text\">\n\t\t\t\t\t\t<h5 class=\"title\"><a href=\"http:\/\/www.mitanmarina.com\/?portfolio=zar-65\" target=\"_self\" rel=\"bookmark\">ZAR 65<\/a><\/h5>\n\t\t\t\t\t\t\n\t\t\t\t\t\t<p>Extraordinary spacious inflatable luxury<\/p>\t\t\t\t\n\t\t\t\t\t<\/section> \t\n\n\t\t\t\t<\/div>\n\n\t\t\t\n<\/div> \n<!-- \/ portfolio box-->\n<\/div>\n<\/div>\n<div class=\"paging_wrapper margin-t30 margin-b30\"><\/div>[\/vc_column][\/vc_row]<\/p>\n","protected":false},"excerpt":{"rendered":"<p>[vc_row rt_row_background_width=&#8221;fullwidth&#8221; rt_row_content_width=&#8221;default&#8221; rt_row_style=&#8221;default-style&#8221; rt_row_height=&#8221;&#8221; rt_column_placement=&#8221;middle&#8221; rt_row_borders=&#8221;&#8221; rt_row_shadows=&#8221;&#8221; rt_column_gaps=&#8221;&#8221; rt_row_paddings=&#8221;true&#8221; rt_bg_effect=&#8221;shape&#8221; rt_bg_shape=&#8221;cross-right&#8221; rt_bg_custom_alignment=&#8221;top&#8221; rt_transparent_bg=&#8221;&#8221; rt_bg_image_repeat=&#8221;repeat&#8221; rt_bg_size=&#8221;cover&#8221; rt_bg_position=&#8221;right top&#8221; rt_bg_video_format=&#8221;self-hosted&#8221; rt_padding_top=&#8221;100&#8243; rt_padding_bottom=&#8221;120&#8243; rt_bg_shape_color=&#8221;#f7f7f7&#8243;][vc_column width=&#8221;1\/2&#8243; rt_col_paddings=&#8221;true&#8221; rt_wrp_col_paddings=&#8221;false&#8221; rt_column_shadow=&#8221;&#8221; rt_border_top=&#8221;&#8221; rt_border_bottom=&#8221;&#8221; rt_border_left=&#8221;&#8221; rt_border_right=&#8221;&#8221; rt_border_top_mobile=&#8221;&#8221; rt_border_bottom_mobile=&#8221;&#8221; rt_border_left_mobile=&#8221;&#8221; rt_border_right_mobile=&#8221;&#8221; rt_bg_image_repeat=&#8221;repeat&#8221; rt_bg_size=&#8221;auto auto&#8221; rt_bg_position=&#8221;right top&#8221; rt_bg_attachment=&#8221;scroll&#8221; rt_bg_color=&#8221;&#8221; rt_bg_overlay_color=&#8221;&#8221;][\/vc_column][vc_column width=&#8221;1\/2&#8243; rt_color_set=&#8221;default-style&#8221; rt_col_paddings=&#8221;true&#8221; rt_wrp_col_paddings=&#8221;false&#8221; rt_column_shadow=&#8221;true&#8221; rt_border_top=&#8221;true&#8221; rt_border_bottom=&#8221;true&#8221; rt_border_left=&#8221;true&#8221; rt_border_right=&#8221;true&#8221; rt_border_top_mobile=&#8221;&#8221; rt_border_bottom_mobile=&#8221;&#8221; rt_border_left_mobile=&#8221;&#8221; rt_border_right_mobile=&#8221;&#8221; &#8230; <a class=\"more-link\" href=\"http:\/\/www.mitanmarina.com\/?portfolio=zar-65\">Continue reading<\/a><\/p>\n","protected":false},"author":1,"featured_media":0,"parent":0,"menu_order":0,"comment_status":"closed","ping_status":"closed","template":"","meta":{"footnotes":""},"class_list":["post-3597","page","type-page","status-publish","hentry"],"_links":{"self":[{"href":"http:\/\/www.mitanmarina.com\/index.php?rest_route=\/wp\/v2\/pages\/3597","targetHints":{"allow":["GET"]}}],"collection":[{"href":"http:\/\/www.mitanmarina.com\/index.php?rest_route=\/wp\/v2\/pages"}],"about":[{"href":"http:\/\/www.mitanmarina.com\/index.php?rest_route=\/wp\/v2\/types\/page"}],"author":[{"embeddable":true,"href":"http:\/\/www.mitanmarina.com\/index.php?rest_route=\/wp\/v2\/users\/1"}],"replies":[{"embeddable":true,"href":"http:\/\/www.mitanmarina.com\/index.php?rest_route=%2Fwp%2Fv2%2Fcomments&post=3597"}],"version-history":[{"count":1,"href":"http:\/\/www.mitanmarina.com\/index.php?rest_route=\/wp\/v2\/pages\/3597\/revisions"}],"predecessor-version":[{"id":3622,"href":"http:\/\/www.mitanmarina.com\/index.php?rest_route=\/wp\/v2\/pages\/3597\/revisions\/3622"}],"wp:attachment":[{"href":"http:\/\/www.mitanmarina.com\/index.php?rest_route=%2Fwp%2Fv2%2Fmedia&parent=3597"}],"curies":[{"name":"wp","href":"https:\/\/api.w.org\/{rel}","templated":true}]}}