{"id":3523,"date":"2019-02-14T22:31:46","date_gmt":"2019-02-14T22:31:46","guid":{"rendered":"http:\/\/www.mitanmarina.com\/?page_id=3523"},"modified":"2025-07-15T10:44:00","modified_gmt":"2025-07-15T10:44:00","slug":"restaurant","status":"publish","type":"page","link":"http:\/\/www.mitanmarina.com\/?page_id=3523&lang=de","title":{"rendered":"Restaurant"},"content":{"rendered":"<p>[vc_row rt_row_background_width=&#8221;fullwidth&#8221; rt_row_content_width=&#8221;fullwidth&#8221; rt_row_style=&#8221;default-style&#8221; rt_row_height=&#8221;min_height&#8221; rt_holder_placement=&#8221;bottom&#8221; rt_row_borders=&#8221;&#8221; rt_row_shadows=&#8221;&#8221; rt_column_gaps=&#8221;&#8221; rt_row_paddings=&#8221;false&#8221; rt_bg_effect=&#8221;parallax&#8221; rt_bg_parallax_effect=&#8221;3&#8243; rt_transparent_bg=&#8221;&#8221; rt_bg_image_repeat=&#8221;repeat&#8221; rt_bg_size=&#8221;cover&#8221; rt_bg_position=&#8221;right bottom&#8221; rt_bg_video_format=&#8221;self-hosted&#8221; rt_bg_image=&#8221;5191&#8243; rt_min_row_height=&#8221;700&#8243;][vc_column width=&#8221;1\/2&#8243; rt_color_set=&#8221;light-style&#8221; rt_col_paddings=&#8221;true&#8221; rt_wrp_col_paddings=&#8221;false&#8221; rt_column_shadow=&#8221;&#8221; rt_border_top=&#8221;&#8221; rt_border_bottom=&#8221;&#8221; rt_border_left=&#8221;&#8221; rt_border_right=&#8221;&#8221; rt_border_top_mobile=&#8221;&#8221; rt_border_bottom_mobile=&#8221;&#8221; rt_border_left_mobile=&#8221;&#8221; rt_border_right_mobile=&#8221;&#8221; rt_bg_image_repeat=&#8221;repeat&#8221; rt_bg_size=&#8221;auto auto&#8221; rt_bg_position=&#8221;right top&#8221; rt_bg_attachment=&#8221;scroll&#8221; rt_bg_color=&#8221;&#8221; rt_bg_overlay_color=&#8221;&#8221; rt_padding_top=&#8221;100px&#8221; rt_padding_bottom=&#8221;100px&#8221; rt_padding_left=&#8221;50px&#8221; rt_padding_right=&#8221;15%&#8221;]<div class=\"rt_heading_wrapper style-5\">\n\t\t\t\t\t\t<h1 class=\"rt_heading  style-5\" >Restaurant Argo und Bistro Blue<\/h1> \n\t\t\t\t\t<\/div><div class=\"rt_heading_wrapper no-style\">\n\t\t\t\t\t\t<span class=\"rt_heading  secondary-font no-style\"  style=\"font-size:22px;\">Kosten Sie die regionale K\u00fcche<\/span> \n\t\t\t\t\t<\/div>[\/vc_column][vc_column width=&#8221;1\/2&#8243; rt_col_paddings=&#8221;true&#8221; rt_wrp_col_paddings=&#8221;false&#8221; rt_column_shadow=&#8221;&#8221; rt_border_top=&#8221;&#8221; rt_border_bottom=&#8221;&#8221; rt_border_left=&#8221;&#8221; rt_border_right=&#8221;&#8221; rt_border_top_mobile=&#8221;&#8221; rt_border_bottom_mobile=&#8221;&#8221; rt_border_left_mobile=&#8221;&#8221; rt_border_right_mobile=&#8221;&#8221; rt_bg_image_repeat=&#8221;repeat&#8221; rt_bg_size=&#8221;auto auto&#8221; rt_bg_position=&#8221;right top&#8221; rt_bg_attachment=&#8221;scroll&#8221;][\/vc_column][\/vc_row][vc_row rt_row_background_width=&#8221;fullwidth&#8221; rt_row_content_width=&#8221;fullwidth&#8221; rt_row_style=&#8221;default-style&#8221; rt_row_height=&#8221;&#8221; rt_row_borders=&#8221;&#8221; rt_row_shadows=&#8221;&#8221; rt_column_gaps=&#8221;&#8221; rt_row_paddings=&#8221;true&#8221; rt_bg_effect=&#8221;classic&#8221; rt_transparent_bg=&#8221;&#8221; rt_bg_image_repeat=&#8221;repeat&#8221; rt_bg_size=&#8221;cover&#8221; rt_bg_position=&#8221;right top&#8221; rt_bg_attachment=&#8221;scroll&#8221; rt_bg_video_format=&#8221;self-hosted&#8221; rt_padding_top=&#8221;0&#8243; rt_padding_bottom=&#8221;0&#8243;][vc_column width=&#8221;1\/2&#8243; rt_col_paddings=&#8221;true&#8221; rt_wrp_col_paddings=&#8221;false&#8221; rt_column_shadow=&#8221;&#8221; rt_border_top=&#8221;&#8221; rt_border_bottom=&#8221;&#8221; rt_border_left=&#8221;&#8221; rt_border_right=&#8221;&#8221; rt_border_top_mobile=&#8221;&#8221; rt_border_bottom_mobile=&#8221;&#8221; rt_border_left_mobile=&#8221;&#8221; rt_border_right_mobile=&#8221;&#8221; rt_bg_image_repeat=&#8221;repeat&#8221; rt_bg_size=&#8221;auto auto&#8221; rt_bg_position=&#8221;right top&#8221; rt_bg_attachment=&#8221;scroll&#8221; rt_padding_top=&#8221;50px&#8221; rt_padding_bottom=&#8221;50px&#8221; rt_padding_left=&#8221;15%&#8221; rt_padding_right=&#8221;15%&#8221; rt_bg_color=&#8221;&#8221; rt_bg_overlay_color=&#8221;&#8221;]<div class=\"rt_heading_wrapper no-style\">\n\t\t\t\t\t\t<h4 class=\"rt_heading  no-style\" >Restaurant Argo<\/h4> \n\t\t\t\t\t<\/div>[vc_separator style=&#8221;style-2&#8243;][vc_column_text css=&#8221;&#8221;]Das Restaurant Argo und das Bistro Blue in der Marina sind nicht nur Orte, an denen man die regionale K\u00fcche, ein Glas erlesenen Wein, hervorragenden Sekt oder den Morgenkaffee genie\u00dfen kann.<\/p>\n<p>Das Leben in der Marina spielt sich direkt vor dem Restaurant Argo ab. Es ist immer ein Vergn\u00fcgen, hierher zu kommen. Die R\u00e4umlichkeiten eignen sich f\u00fcr gesch\u00e4ftliche, famili\u00e4re und andere Zusammenk\u00fcnfte aller Art.<\/p>\n<p>In unserem Restaurant haben Sie die M\u00f6glichkeit, sowohl die angenehme, intime Atmosph\u00e4re des au\u00dfergew\u00f6hnlich gestalteten Raumes mit Blick auf die Yachten als auch die sorgf\u00e4ltig ausgew\u00e4hlte Speisenauswahl in vollen Z\u00fcgen zu genie\u00dfen.<\/p>\n<p>Kontakt: +385 51 627 764 \/ Mobil: +385 98 342 320<br \/>\nE-Mail: <a href=\"mailto:tomljanovicalan@gmail.com\">tomljanovicalan@gmail.com<\/a>[\/vc_column_text][\/vc_column][vc_column width=&#8221;1\/2&#8243; rt_col_paddings=&#8221;true&#8221; rt_wrp_col_paddings=&#8221;false&#8221; rt_column_shadow=&#8221;&#8221; rt_border_top=&#8221;&#8221; rt_border_bottom=&#8221;&#8221; rt_border_left=&#8221;&#8221; rt_border_right=&#8221;&#8221; rt_border_top_mobile=&#8221;&#8221; rt_border_bottom_mobile=&#8221;&#8221; rt_border_left_mobile=&#8221;&#8221; rt_border_right_mobile=&#8221;&#8221; rt_bg_image_repeat=&#8221;repeat&#8221; rt_bg_size=&#8221;auto auto&#8221; rt_bg_position=&#8221;right top&#8221; rt_bg_attachment=&#8221;scroll&#8221; rt_padding_left=&#8221;0&#8243; rt_padding_right=&#8221;0&#8243; rt_bg_color=&#8221;&#8221; rt_bg_overlay_color=&#8221;&#8221;]\r\n\t\t\t\t<div id=\"image-carousel-310827\" class=\"rt-carousel carousel-holder clearfix rt_lightbox_gallery\" data-item-width=\"1\" data-nav=\"true\" data-dots=\"false\" data-margin=\"0\" data-autoplay=\"true\" data-timeout=\"12000\" data-thumbnails=\"false\" data-boxed=\"false\" data-min-height=\"\" data-padding=\"0\" data-loop=\"false\" data-mobile-item-width=\"1\">\r\n\t\t\t\t\t<div class=\"owl-carousel\">\r\n\t\t\t\t\t\t<div><a id=\"lightbox-983454\" class=\"imgeffect zoom rt_lightbox\" data-gal-id=\"slider-carousel-663980\" data-rel=\"rt_lightbox\" title=\"Enlarge Image\" data-title=\"dejanhren-mitanmarina-24052025-day-28\" data-sub-html=\"\" data-src=\"\" data-width=\"\" data-height=\"\" data-poster=\"\" data-autoplay=\"\" data-audiotitle=\"\" data-download-url=\"false\" href=\"http:\/\/www.mitanmarina.com\/wp-content\/uploads\/2025\/07\/dejanhren-mitanmarina-24052025-day-28.jpg\"><img decoding=\"async\" src=\"http:\/\/www.mitanmarina.com\/wp-content\/uploads\/2025\/07\/dejanhren-mitanmarina-24052025-day-28-750x499.jpg\" alt=\"\"><\/a><\/div><div><a id=\"lightbox-535309\" class=\"imgeffect zoom rt_lightbox\" data-gal-id=\"slider-carousel-663980\" data-rel=\"rt_lightbox\" title=\"Enlarge Image\" data-title=\"dejanhren-mitanmarina-24052025-day-27\" data-sub-html=\"\" data-src=\"\" data-width=\"\" data-height=\"\" data-poster=\"\" data-autoplay=\"\" data-audiotitle=\"\" data-download-url=\"false\" href=\"http:\/\/www.mitanmarina.com\/wp-content\/uploads\/2025\/07\/dejanhren-mitanmarina-24052025-day-27.jpg\"><img decoding=\"async\" src=\"http:\/\/www.mitanmarina.com\/wp-content\/uploads\/2025\/07\/dejanhren-mitanmarina-24052025-day-27-750x499.jpg\" alt=\"\"><\/a><\/div><div><a id=\"lightbox-933996\" class=\"imgeffect zoom rt_lightbox\" data-gal-id=\"slider-carousel-663980\" data-rel=\"rt_lightbox\" title=\"Enlarge Image\" data-title=\"dejanhren-mitanmarina-24052025-day-26\" data-sub-html=\"\" data-src=\"\" data-width=\"\" data-height=\"\" data-poster=\"\" data-autoplay=\"\" data-audiotitle=\"\" data-download-url=\"false\" href=\"http:\/\/www.mitanmarina.com\/wp-content\/uploads\/2025\/07\/dejanhren-mitanmarina-24052025-day-26.jpg\"><img decoding=\"async\" src=\"http:\/\/www.mitanmarina.com\/wp-content\/uploads\/2025\/07\/dejanhren-mitanmarina-24052025-day-26-750x499.jpg\" alt=\"\"><\/a><\/div><div><a id=\"lightbox-463456\" class=\"imgeffect zoom rt_lightbox\" data-gal-id=\"slider-carousel-663980\" data-rel=\"rt_lightbox\" title=\"Enlarge Image\" data-title=\"dejanhren-mitanmarina-9382\" data-sub-html=\"\" data-src=\"\" data-width=\"\" data-height=\"\" data-poster=\"\" data-autoplay=\"\" data-audiotitle=\"\" data-download-url=\"false\" href=\"http:\/\/www.mitanmarina.com\/wp-content\/uploads\/2020\/12\/dejanhren-mitanmarina-9382.jpg\"><img decoding=\"async\" src=\"http:\/\/www.mitanmarina.com\/wp-content\/uploads\/2020\/12\/dejanhren-mitanmarina-9382-750x499.jpg\" alt=\"\"><\/a><\/div><div><a id=\"lightbox-490305\" class=\"imgeffect zoom rt_lightbox\" data-gal-id=\"slider-carousel-663980\" data-rel=\"rt_lightbox\" title=\"Enlarge Image\" data-title=\"dejanhren-mitanmarina-0704\" data-sub-html=\"\" data-src=\"\" data-width=\"\" data-height=\"\" data-poster=\"\" data-autoplay=\"\" data-audiotitle=\"\" data-download-url=\"false\" href=\"http:\/\/www.mitanmarina.com\/wp-content\/uploads\/2020\/12\/dejanhren-mitanmarina-0704.jpg\"><img decoding=\"async\" src=\"http:\/\/www.mitanmarina.com\/wp-content\/uploads\/2020\/12\/dejanhren-mitanmarina-0704-750x499.jpg\" alt=\"\"><\/a><\/div>\r\n\t\t\t\t\t<\/div>\r\n\t\t\t\t\t\r\n\t\t\t\t\t\r\n\t\t\t\t<\/div>\r\n\t\t\t[\/vc_column][\/vc_row][vc_row rt_row_background_width=&#8221;fullwidth&#8221; rt_row_content_width=&#8221;fullwidth&#8221; rt_row_style=&#8221;default-style&#8221; rt_row_height=&#8221;&#8221; rt_row_borders=&#8221;&#8221; rt_row_shadows=&#8221;&#8221; rt_column_gaps=&#8221;&#8221; rt_row_paddings=&#8221;true&#8221; rt_bg_effect=&#8221;classic&#8221; rt_transparent_bg=&#8221;&#8221; rt_bg_image_repeat=&#8221;repeat&#8221; rt_bg_size=&#8221;cover&#8221; rt_bg_position=&#8221;right top&#8221; rt_bg_attachment=&#8221;scroll&#8221; rt_bg_video_format=&#8221;self-hosted&#8221; rt_padding_top=&#8221;0&#8243; rt_padding_bottom=&#8221;0&#8243;][vc_column width=&#8221;1\/2&#8243; rt_col_paddings=&#8221;true&#8221; rt_wrp_col_paddings=&#8221;false&#8221; rt_column_shadow=&#8221;&#8221; rt_border_top=&#8221;&#8221; rt_border_bottom=&#8221;&#8221; rt_border_left=&#8221;&#8221; rt_border_right=&#8221;&#8221; rt_border_top_mobile=&#8221;&#8221; rt_border_bottom_mobile=&#8221;&#8221; rt_border_left_mobile=&#8221;&#8221; rt_border_right_mobile=&#8221;&#8221; rt_bg_image_repeat=&#8221;repeat&#8221; rt_bg_size=&#8221;auto auto&#8221; rt_bg_position=&#8221;right top&#8221; rt_bg_attachment=&#8221;scroll&#8221; rt_padding_left=&#8221;0&#8243; rt_padding_right=&#8221;0&#8243; rt_bg_color=&#8221;&#8221; rt_bg_overlay_color=&#8221;&#8221;]\r\n\t\t\t\t<div id=\"image-carousel-448367\" class=\"rt-carousel carousel-holder clearfix rt_lightbox_gallery\" data-item-width=\"1\" data-nav=\"true\" data-dots=\"false\" data-margin=\"0\" data-autoplay=\"true\" data-timeout=\"7000\" data-thumbnails=\"false\" data-boxed=\"false\" data-min-height=\"\" data-padding=\"0\" data-loop=\"false\" data-mobile-item-width=\"1\">\r\n\t\t\t\t\t<div class=\"owl-carousel\">\r\n\t\t\t\t\t\t<div><a id=\"lightbox-306165\" class=\"imgeffect zoom rt_lightbox\" data-gal-id=\"slider-carousel-348647\" data-rel=\"rt_lightbox\" title=\"Enlarge Image\" data-title=\"dejanhren-mitanmarina-24052025-day-11\" data-sub-html=\"\" data-src=\"\" data-width=\"\" data-height=\"\" data-poster=\"\" data-autoplay=\"\" data-audiotitle=\"\" data-download-url=\"false\" href=\"http:\/\/www.mitanmarina.com\/wp-content\/uploads\/2025\/07\/dejanhren-mitanmarina-24052025-day-11.jpg\"><img decoding=\"async\" src=\"http:\/\/www.mitanmarina.com\/wp-content\/uploads\/2025\/07\/dejanhren-mitanmarina-24052025-day-11-750x499.jpg\" alt=\"\"><\/a><\/div><div><a id=\"lightbox-641041\" class=\"imgeffect zoom rt_lightbox\" data-gal-id=\"slider-carousel-348647\" data-rel=\"rt_lightbox\" title=\"Enlarge Image\" data-title=\"IMG_9768\" data-sub-html=\"\" data-src=\"\" data-width=\"\" data-height=\"\" data-poster=\"\" data-autoplay=\"\" data-audiotitle=\"\" data-download-url=\"false\" href=\"http:\/\/www.mitanmarina.com\/wp-content\/uploads\/2019\/02\/IMG_9768.jpg\"><img decoding=\"async\" src=\"http:\/\/www.mitanmarina.com\/wp-content\/uploads\/2019\/02\/IMG_9768-750x500.jpg\" alt=\"\"><\/a><\/div><div><a id=\"lightbox-449674\" class=\"imgeffect zoom rt_lightbox\" data-gal-id=\"slider-carousel-348647\" data-rel=\"rt_lightbox\" title=\"Enlarge Image\" data-title=\"IMG_9901\" data-sub-html=\"\" data-src=\"\" data-width=\"\" data-height=\"\" data-poster=\"\" data-autoplay=\"\" data-audiotitle=\"\" data-download-url=\"false\" href=\"http:\/\/www.mitanmarina.com\/wp-content\/uploads\/2019\/02\/IMG_9901.jpg\"><img decoding=\"async\" src=\"http:\/\/www.mitanmarina.com\/wp-content\/uploads\/2019\/02\/IMG_9901-750x500.jpg\" alt=\"\"><\/a><\/div><div><a id=\"lightbox-633343\" class=\"imgeffect zoom rt_lightbox\" data-gal-id=\"slider-carousel-348647\" data-rel=\"rt_lightbox\" title=\"Enlarge Image\" data-title=\"dejanhren-mitanmarina-24052025-day-108\" data-sub-html=\"\" data-src=\"\" data-width=\"\" data-height=\"\" data-poster=\"\" data-autoplay=\"\" data-audiotitle=\"\" data-download-url=\"false\" href=\"http:\/\/www.mitanmarina.com\/wp-content\/uploads\/2025\/07\/dejanhren-mitanmarina-24052025-day-108.jpg\"><img decoding=\"async\" src=\"http:\/\/www.mitanmarina.com\/wp-content\/uploads\/2025\/07\/dejanhren-mitanmarina-24052025-day-108-750x499.jpg\" alt=\"\"><\/a><\/div><div><a id=\"lightbox-538407\" class=\"imgeffect zoom rt_lightbox\" data-gal-id=\"slider-carousel-348647\" data-rel=\"rt_lightbox\" title=\"Enlarge Image\" data-title=\"dejanhren-mitanmarina-24052025-day-110\" data-sub-html=\"\" data-src=\"\" data-width=\"\" data-height=\"\" data-poster=\"\" data-autoplay=\"\" data-audiotitle=\"\" data-download-url=\"false\" href=\"http:\/\/www.mitanmarina.com\/wp-content\/uploads\/2025\/07\/dejanhren-mitanmarina-24052025-day-110.jpg\"><img decoding=\"async\" src=\"http:\/\/www.mitanmarina.com\/wp-content\/uploads\/2025\/07\/dejanhren-mitanmarina-24052025-day-110-750x499.jpg\" alt=\"\"><\/a><\/div>\r\n\t\t\t\t\t<\/div>\r\n\t\t\t\t\t\r\n\t\t\t\t\t\r\n\t\t\t\t<\/div>\r\n\t\t\t[\/vc_column][vc_column width=&#8221;1\/2&#8243; rt_col_paddings=&#8221;true&#8221; rt_wrp_col_paddings=&#8221;false&#8221; rt_column_shadow=&#8221;&#8221; rt_border_top=&#8221;&#8221; rt_border_bottom=&#8221;&#8221; rt_border_left=&#8221;&#8221; rt_border_right=&#8221;&#8221; rt_border_top_mobile=&#8221;&#8221; rt_border_bottom_mobile=&#8221;&#8221; rt_border_left_mobile=&#8221;&#8221; rt_border_right_mobile=&#8221;&#8221; rt_bg_image_repeat=&#8221;repeat&#8221; rt_bg_size=&#8221;auto auto&#8221; rt_bg_position=&#8221;right top&#8221; rt_bg_attachment=&#8221;scroll&#8221; rt_padding_top=&#8221;50px&#8221; rt_padding_bottom=&#8221;50px&#8221; rt_padding_left=&#8221;15%&#8221; rt_padding_right=&#8221;15%&#8221; rt_bg_color=&#8221;&#8221; rt_bg_overlay_color=&#8221;&#8221;]<div class=\"rt_heading_wrapper no-style\">\n\t\t\t\t\t\t<h4 class=\"rt_heading  no-style\" >Bistro Blue<\/h4> \n\t\t\t\t\t<\/div>[vc_separator style=&#8221;style-2&#8243;][vc_column_text css=&#8221;&#8221;]Genie\u00dfen Sie die besondere Atmosph\u00e4re im Bistro Blue \u2013 der perfekte Ort f\u00fcr entspannte Morgenstunden mit Kaffee und Meerblick sowie f\u00fcr gem\u00fctliche Nachmittage und Abende mit regionalen Weinen und erfrischenden Cocktails.<\/p>\n<p>Im Herzen der Mitan Marina, direkt an der Uferpromenade und umgeben von luxuri\u00f6sen Yachten, bietet das Bistro Blue eine ideale Pause vom Alltag \u2013 egal ob Segler, Spazierg\u00e4nger, Reisender oder Einheimischer.<\/p>\n<p>Hier beginnt der Tag mit dem Duft von frischem Kaffee und einem ruhigen Blick aufs Meer \u2013 und endet mit sanfter Musik und einem Glas Wein im Sonnenuntergang.<\/p>\n<p>Die Mitan Marina schafft eine Atmosph\u00e4re, in der jeder Moment zu einem Erlebnis wird \u2013 und das Bistro Blue ist ihr entspanntestes Gesicht, wo die Zeit einfach stillsteht.[\/vc_column_text][\/vc_column][\/vc_row]<\/p>\n","protected":false},"excerpt":{"rendered":"<p>[vc_row rt_row_background_width=&#8221;fullwidth&#8221; rt_row_content_width=&#8221;fullwidth&#8221; rt_row_style=&#8221;default-style&#8221; rt_row_height=&#8221;min_height&#8221; rt_holder_placement=&#8221;bottom&#8221; rt_row_borders=&#8221;&#8221; rt_row_shadows=&#8221;&#8221; rt_column_gaps=&#8221;&#8221; rt_row_paddings=&#8221;false&#8221; rt_bg_effect=&#8221;parallax&#8221; rt_bg_parallax_effect=&#8221;3&#8243; rt_transparent_bg=&#8221;&#8221; rt_bg_image_repeat=&#8221;repeat&#8221; rt_bg_size=&#8221;cover&#8221; rt_bg_position=&#8221;right bottom&#8221; rt_bg_video_format=&#8221;self-hosted&#8221; rt_bg_image=&#8221;5191&#8243; rt_min_row_height=&#8221;700&#8243;][vc_column width=&#8221;1\/2&#8243; rt_color_set=&#8221;light-style&#8221; rt_col_paddings=&#8221;true&#8221; rt_wrp_col_paddings=&#8221;false&#8221; rt_column_shadow=&#8221;&#8221; rt_border_top=&#8221;&#8221; rt_border_bottom=&#8221;&#8221; rt_border_left=&#8221;&#8221; rt_border_right=&#8221;&#8221; rt_border_top_mobile=&#8221;&#8221; rt_border_bottom_mobile=&#8221;&#8221; rt_border_left_mobile=&#8221;&#8221; rt_border_right_mobile=&#8221;&#8221; rt_bg_image_repeat=&#8221;repeat&#8221; rt_bg_size=&#8221;auto auto&#8221; rt_bg_position=&#8221;right top&#8221; rt_bg_attachment=&#8221;scroll&#8221; rt_bg_color=&#8221;&#8221; rt_bg_overlay_color=&#8221;&#8221; rt_padding_top=&#8221;100px&#8221; rt_padding_bottom=&#8221;100px&#8221; rt_padding_left=&#8221;50px&#8221; rt_padding_right=&#8221;15%&#8221;][\/vc_column][vc_column width=&#8221;1\/2&#8243; rt_col_paddings=&#8221;true&#8221; rt_wrp_col_paddings=&#8221;false&#8221; rt_column_shadow=&#8221;&#8221; rt_border_top=&#8221;&#8221; rt_border_bottom=&#8221;&#8221; rt_border_left=&#8221;&#8221; rt_border_right=&#8221;&#8221; rt_border_top_mobile=&#8221;&#8221; rt_border_bottom_mobile=&#8221;&#8221; &#8230; <a class=\"more-link\" href=\"http:\/\/www.mitanmarina.com\/?page_id=3523&#038;lang=de\">Continue reading<\/a><\/p>\n","protected":false},"author":1,"featured_media":0,"parent":0,"menu_order":0,"comment_status":"closed","ping_status":"closed","template":"","meta":{"footnotes":""},"class_list":["post-3523","page","type-page","status-publish","hentry"],"_links":{"self":[{"href":"http:\/\/www.mitanmarina.com\/index.php?rest_route=\/wp\/v2\/pages\/3523","targetHints":{"allow":["GET"]}}],"collection":[{"href":"http:\/\/www.mitanmarina.com\/index.php?rest_route=\/wp\/v2\/pages"}],"about":[{"href":"http:\/\/www.mitanmarina.com\/index.php?rest_route=\/wp\/v2\/types\/page"}],"author":[{"embeddable":true,"href":"http:\/\/www.mitanmarina.com\/index.php?rest_route=\/wp\/v2\/users\/1"}],"replies":[{"embeddable":true,"href":"http:\/\/www.mitanmarina.com\/index.php?rest_route=%2Fwp%2Fv2%2Fcomments&post=3523"}],"version-history":[{"count":6,"href":"http:\/\/www.mitanmarina.com\/index.php?rest_route=\/wp\/v2\/pages\/3523\/revisions"}],"predecessor-version":[{"id":5196,"href":"http:\/\/www.mitanmarina.com\/index.php?rest_route=\/wp\/v2\/pages\/3523\/revisions\/5196"}],"wp:attachment":[{"href":"http:\/\/www.mitanmarina.com\/index.php?rest_route=%2Fwp%2Fv2%2Fmedia&parent=3523"}],"curies":[{"name":"wp","href":"https:\/\/api.w.org\/{rel}","templated":true}]}}